{"id":9377,"date":"2021-04-26T09:57:12","date_gmt":"2021-04-26T07:57:12","guid":{"rendered":"https:\/\/www.saeby.com\/?page_id=9377"},"modified":"2021-06-09T11:04:02","modified_gmt":"2021-06-09T09:04:02","slug":"cookie-und-datenschutzbestimmungen","status":"publish","type":"page","link":"https:\/\/www.saeby.com\/de\/cookie-und-datenschutzbestimmungen\/","title":{"rendered":"Cookie und Datenschutzbestimmungen"},"content":{"rendered":"[vc_row type=&#8220;in_container&#8220; full_screen_row_position=&#8220;middle&#8220; column_margin=&#8220;default&#8220; column_direction=&#8220;default&#8220; column_direction_tablet=&#8220;default&#8220; column_direction_phone=&#8220;default&#8220; scene_position=&#8220;center&#8220; text_color=&#8220;dark&#8220; text_align=&#8220;left&#8220; row_border_radius=&#8220;none&#8220; row_border_radius_applies=&#8220;bg&#8220; overlay_strength=&#8220;0.3&#8243; gradient_direction=&#8220;left_to_right&#8220; shape_divider_position=&#8220;bottom&#8220; bg_image_animation=&#8220;none&#8220;][vc_column column_padding=&#8220;no-extra-padding&#8220; column_padding_tablet=&#8220;inherit&#8220; column_padding_phone=&#8220;inherit&#8220; column_padding_position=&#8220;all&#8220; background_color_opacity=&#8220;1&#8243; background_hover_color_opacity=&#8220;1&#8243; column_shadow=&#8220;none&#8220; column_border_radius=&#8220;none&#8220; column_link_target=&#8220;_self&#8220; gradient_direction=&#8220;left_to_right&#8220; overlay_strength=&#8220;0.3&#8243; width=&#8220;1\/1&#8243; tablet_width_inherit=&#8220;default&#8220; tablet_text_alignment=&#8220;default&#8220; phone_text_alignment=&#8220;default&#8220; column_border_width=&#8220;none&#8220; column_border_style=&#8220;solid&#8220; bg_image_animation=&#8220;none&#8220;][vc_column_text]\n<h1><strong>Cookie-Bestimmungen<\/strong><\/h1>\n<h2><strong>\u00dcber die Verwendung von Cookies auf der Website<\/strong><\/h2>\n<p>Saeby Fish Canners Ltd. verwendet Cookies, um Ihre Browsing-Erfahrung wie folgt zu verbessern:<\/p>\n<ul>\n<li>Wir bieten Ihnen eine einmalige Browsing-Erfahrung, indem wir Ihre Pr\u00e4ferenzen sammeln und speichern.<\/li>\n<li>Wir analysieren Ihre Nutzung unserer Website, sodass wir Probleme erkennen und unsere eigene Performance \u00fcberwachen k\u00f6nnen.<\/li>\n<\/ul>\n<h3><strong>Was sind Cookies?<\/strong><\/h3>\n<p>Cookies sind kleine Textdateien, die im Browser oder auf der Festplatte Ihres Computers oder mobilen Ger\u00e4ts gespeichert werden, wenn Sie eine Internetseite besuchen oder Anwendung nutzen. Cookies sollen Ihre Browsing-Erfahrung auf unserer Website so reibungslos wie m\u00f6glich machen und merken sich Ihre Pr\u00e4ferenzen, damit Sie Ihre Daten nicht immer wieder neu eingeben m\u00fcssen. Cookies k\u00f6nnen Text und Zahlen, z.\u00a0B. Datumsangaben, enthalten. Wir speichern mit unseren Cookies keine personenbezogenen Daten und unsere Cookies enthalten keine Art von Viren.<\/p>\n<p>Es gibt verschiedene Arten von Cookies. Einige Cookies kommen direkt von unserer Website, andere wiederum von Dritten, die Cookies auf unserer Website platzieren. Saeby Fish Canners Ltd. verwendet notwendige Cookies, Personalisierungs-Cookies und Cookies zur Leistungsverbesserung. Sie erm\u00f6glichen die Navigation auf unserer Website, die Festlegung von Spracheinstellungen und eine korrekte Seitenanzeige auf dem von Ihnen verwendeten Ger\u00e4t. Um diese Cookies abzulehnen, m\u00fcssen Sie die Einstellungen in den Cookie-Pr\u00e4ferenzen Ihres Browsers \u00e4ndern. Wenn Sie diese Cookies blockieren, funktioniert unsere Website m\u00f6glicherweise nicht wie gew\u00fcnscht und die von Ihnen bereits festgelegten Pr\u00e4ferenzen k\u00f6nnten verloren gehen.<\/p>\n<h3><strong>Cookies Dritter<\/strong><\/h3>\n<p>Saeby Fish Canners Ltd. verwendet auch Cookies Dritter, um Informationen zu sammeln.<\/p>\n<p><script id=\"CookieDeclaration\" src=\"https:\/\/consent.cookiebot.com\/02b97db1-84dd-47a2-be82-ae87293df314\/cd.js\" type=\"text\/javascript\" async><\/script><\/p>\n<h4>Google Analytics<\/h4>\n<p>Google Analytics ist ein Cookie zur Leistungsverbesserung und wird von uns verwendet, um das User Engagement auf unserer Website zu \u00fcberwachen und Ihre User Experience zu verbessern. Es werden keine personenbezogenen Daten erhoben oder verarbeitet. Dar\u00fcber hinaus verwenden wir Google Analytics, um Besuche und Bewegungen auf unserer Website nachzuverfolgen. Die erhobenen Daten sind anonym und werden f\u00fcr Leistungsvergleichszwecke verwendet, um die Performance unserer Website zu \u00fcberwachen und das User Engagement auf unserer Website zu messen.<\/p>\n<p>Saeby Fish Canners Ltd. erhebt mit der Verwendung von Cookies personenbezogene Daten. Dazu z\u00e4hlen Daten wie IP-Adressen und Ihre Pr\u00e4ferenzen. Mehr dazu erfahren Sie im Abschnitt zu den Datenschutzbestimmungen von Saeby Fish Canners Ltd.<\/p>\n<p>Wir verwenden auf unserer Website Social-Media-Buttons, \u00fcber die Sie Inhalte teilen und mit Ihrem sozialen Netzwerk auf Plattformen wie Facebook, Instagram und Pinterest interagieren k\u00f6nnen. Diese Social-Media-Plattformen k\u00f6nnen eigene Cookies auf Ihrem Ger\u00e4t setzen. Wir kontrollieren das Setzen dieser Cookies nicht und empfehlen Ihnen, auf der jeweiligen Social-Media-Website n\u00e4here Informationen \u00fcber ihre Cookies und deren Verwaltung einzuholen.<\/p>\n<h3><strong>Speicherung<\/strong><\/h3>\n<p>Cookies k\u00f6nnen f\u00fcr unterschiedliche Dauer in Ihrem Browser oder auf Ihrem Ger\u00e4t gespeichert werden. Sitzungs-Cookies werden von Ihrem Computer oder Ger\u00e4t gel\u00f6scht, wenn Sie Ihren Webbrowser schlie\u00dfen. Dauerhafte Cookies werden solange auf Ihrem Computer oder Ger\u00e4t gespeichert, bis sie gel\u00f6scht werden oder ablaufen. Cookies werden nach jedem Besuch erneuert.<\/p>\n<h2><strong>Wie k\u00f6nnen Sie Cookie-Pr\u00e4ferenzen \u00e4ndern oder Cookies blockieren?<\/strong><\/h2>\n<p>In Ihrem Browser k\u00f6nnen Sie ausw\u00e4hlen, ob Sie Cookies annehmen m\u00f6chten oder nicht. Verschiedene Browser bieten Ihnen unterschiedliche Kontrollm\u00f6glichkeiten an. Grunds\u00e4tzlich haben Sie in Ihrem Browser die Wahl, alle Cookies, die Cookies von Anbietern, die von den Websitebetreibern eingesetzt werden, d.\u00a0h. Cookies Dritter, oder Cookies spezifischer Websites anzunehmen, abzulehnen oder zu l\u00f6schen. Auf der Website jedes Browsers sollten Anweisungen zu finden sein, wie Sie diese Auswahl treffen k\u00f6nnen.<\/p>\n<p>Weitere Informationen finden Sie unter:\u00a0<a href=\"https:\/\/www.aboutcookies.org\/how-to-delete-cookies\/\">https:\/\/www.aboutcookies.org\/how-to-delete-cookies\/<\/a>.<\/p>\n<p>Wenn Sie Cookies auf unserer Website blockieren, k\u00f6nnen Sie m\u00f6glicherweise nicht auf bestimmte Bereiche unserer Website zugreifen und bestimmte Funktionen und Seiten funktionieren gegebenenfalls nicht wie gewohnt.<\/p>\n<p>Die vorliegenden Bestimmungen legen dar, welche Rechte Sie in Bezug auf die von uns mittels Cookies gesammelten Informationen haben. Wenn Sie Fragen zu den vorliegenden Cookie-Bestimmungen oder Ihren Rechten haben, wenden Sie sich bitte an:<\/p>\n<p>Address:\u00a0Saeby Fish Canners Ltd.<\/p>\n<p>Gyldendalsvej 2-4<\/p>\n<p>9300 Saeby<\/p>\n<p>D\u00e4nemark<\/p>\n<p>Telefon: +45 98 46 10 66<\/p>\n<p>E-mail:<a href=\"mailto:info@saeby.com\">info@saeby.com<\/a><\/p>\n<h2><strong>Datenschutzbestimmungen<\/strong><\/h2>\n<p>In den vorliegenden Bestimmungen ist beschrieben, wie wir Ihre Daten verwenden. Jegliche Verwendung Ihrer personenbezogenen Daten beruht auf den Grunds\u00e4tzen der Rechtm\u00e4\u00dfigkeit, Billigkeit und Transparenz. Ihre personenbezogenen Daten werden nur f\u00fcr bestimmte und rechtm\u00e4\u00dfige Zwecke unter Einhaltung des Grundsatzes der Datenminimierung erhoben. Wir sind bestrebt, korrekte personenbezogene Daten zu erheben und zu speichern sowie sicherzustellen, dass die Daten stets aktuell sind. Dar\u00fcber hinaus werden die Grunds\u00e4tze der Speicherbegrenzung, Integrit\u00e4t, Vertraulichkeit und Verantwortlichkeit gewahrt.<\/p>\n<p>Die vorliegenden Bestimmungen legen dar, welche Rechte Sie in Bezug auf die uns von Ihnen mitgeteilten personenbezogenen Daten haben. Wenn Sie Fragen zu den vorliegenden Datenschutzbestimmungen oder Ihren Rechten haben, wenden Sie sich bitte an:<\/p>\n<p>Address:\u00a0Saeby Fish Canners Ltd.<\/p>\n<p>Gyldendalsvej 2-4<\/p>\n<p>9300 Saeby<\/p>\n<p>D\u00e4nemark<\/p>\n<p>Telefon: +45 98 46 10 66<\/p>\n<p>E-mail:<a href=\"mailto:info@saeby.com\">info@saeby.com<\/a><\/p>\n<h3><strong>Wie und auf welcher rechtlichen Grundlage verwenden wir Ihre personenbezogenen Daten?<\/strong><\/h3>\n<p>Wenn Sie per E-Mail\/Telefon oder \u00fcber Plattformen wie Facebook, Instagram oder LinkedIn Kontakt mit uns aufnehmen, verarbeiten wir die personenbezogenen Daten, die in Ihrer Anfrage an uns enthalten sind. Wenn Sie uns beispielsweise \u00fcber Facebook kontaktieren, erhalten wir \u00fcber Facebook gewisse personenbezogene Daten betreffend Ihre Person, wie etwa Ihren Namen und Ihr Foto. Wir beantworten Ihre Anfrage in der Regel \u00fcber dasselbe Medium, \u00fcber das Ihre Anfrage versendet wurde. Wenn Sie uns per Telefon kontaktieren, vermerken wir, sofern dies f\u00fcr den Zweck der Dokumentation unserer Kundenanfragen erforderlich ist, Ihren Namen und den Gegenstand der Anfrage. In diesem Zusammenhang weisen wir darauf hin, dass wir bei einer telefonischen Kontaktaufnahme die betreffenden Informationen, die Sie uns mitteilen, gegebenenfalls in unser System eingeben.<\/p>\n<p>Bei Saeby Fish Canners Ltd. erfassen wir f\u00fcr jeden Kunden, Partner und Vertriebsh\u00e4ndler Informationen \u00fcber eine Kontaktperson. Wir speichern in der Regel den Namen, die Funktion, die E-Mail-Adresse und die Telefonnummer der Kontaktperson. Dar\u00fcber hinaus erstellen wir regelm\u00e4\u00dfig Besuchsberichte zu den Treffen mit unseren Kunden, in denen wir Informationen \u00fcber die Kontaktperson, Vereinbarungen und Kundenw\u00fcnsche festhalten. W\u00e4hrend dieser Treffen k\u00f6nnen personenbezogene Daten erhoben werden. Es werden jedoch zu keinem Zeitpunkt sensible Informationen gespeichert. Die Speicherung und Verarbeitung dieser Informationen dienen dazu, die Abwicklung des vereinbarten Gesch\u00e4fts zu erm\u00f6glichen.<\/p>\n<p>Wir organisieren h\u00e4ufig Besuche und gr\u00f6\u00dfere Veranstaltungen, f\u00fcr die eine Anmeldung erforderlich ist. In diesem Fall speichern wir Informationen wie Namen, Arbeitsstelle, Position und E-Mail-Adresse. Dies ist notwendig, um die Anmeldungen f\u00fcr Besuche und Veranstaltungen zu verwalten. Wenn Sie an einer Veranstaltung teilnehmen, sollten Sie beachten, dass wir bei Veranstaltungen zeitweise Aufnahmen machen und auf unseren Social-Media-Plattformen und\/oder unserer Website teilen. Dies dient zu Marketingzwecken f\u00fcr die von uns ausgerichtete Veranstaltung und unser Unternehmen. Wenn Sie in diesen Aufnahmen nicht zu sehen sein m\u00f6chten, k\u00f6nnen Sie uns dies jederzeit zu Beginn des Besuchs bzw. der Veranstaltung mitteilen.<\/p>\n<h3><strong>An wen geben wir Ihre personenbezogenen Daten weiter?<\/strong><\/h3>\n<p>Wir verkaufen Ihre personenbezogenen Daten zu keiner Zeit an Dritte weiter. Um unsere Dienstleistungen f\u00fcr Sie erbringen zu k\u00f6nnen, geben wir jedoch Ihre personenbezogenen Daten an unsere vertrauensw\u00fcrdigen Drittdienstleister oder unsere Konzerngesellschaften weiter, wie nachstehend erl\u00e4utert.<\/p>\n<p>Wir sind gegebenenfalls gesetzlich verpflichtet, Ihre personenbezogenen Daten beispielsweise an Strafverfolgungsbeh\u00f6rden oder \u00c4mter weiterzugeben bzw. gegen\u00fcber diesen offenzulegen, um Straftaten zu verhindern oder aufzudecken oder um eine gesetzliche Vorgabe zu erf\u00fcllen.<\/p>\n<p>Wir geben Ihre personenbezogenen Daten gegebenenfalls an unsere Versicherer weiter, wenn dies im Rahmen unserer Vertragsbeziehung mit unserem Versicherungsanbieter erforderlich ist. Wir arbeiten mit sorgf\u00e4ltig ausgew\u00e4hlten Dritten zusammen, wie etwa Payroll-Dienstleistern, Versicherungs- und Rententr\u00e4gern, Hosting-Anbietern, E-Mail-Diensten u.\u00a0\u00e4.<\/p>\n<h3><strong>Bestimmungen zur Dauer der Speicherung und L\u00f6schung<\/strong><\/h3>\n<p>Wir speichern Ihre personenbezogenen Daten, so lange wie wir einen legitimen und objektiven Grund hierf\u00fcr haben. Im Rahmen einer Systempr\u00fcfung l\u00f6schen wir alle nicht zutreffenden personenbezogenen Daten. Hierf\u00fcr haben wir verschiedene Verfahren festgelegt. Personenbezogene Daten k\u00f6nnen f\u00fcr eine l\u00e4ngere Dauer gespeichert werden, wenn eine objektive Notwendigkeit vorliegt, z.\u00a0B. rechtliche Gr\u00fcnde.<\/p>\n<p>Grunds\u00e4tzlich speichern wir Ihre personenbezogenen Daten, wenn eine Kundenbeziehung oder ein Kooperationsverh\u00e4ltnis besteht. Dar\u00fcber hinaus speichern wir s\u00e4mtliche Abrechnungsunterlagen, Vertr\u00e4ge und E-Mail-Korrespondenz, die Teil der Vertragsgrundlage sind, f\u00fcr eine Dauer von f\u00fcnf Jahren nach Ablauf des Abrechnungszeitraums\/Vertrags. Dies erfolgt in \u00dcbereinstimmung mit der buchhalterischen Anforderung zum F\u00fchren von Aufzeichnungen.<\/p>\n<h3><strong>Ihre Rechte<\/strong><\/h3>\n<p>Ihnen steht in Bezug auf Ihre personenbezogenen Daten und deren Behandlung eine Reihe von Rechten zu. Sie haben das Recht:<\/p>\n<ul>\n<li>auf Auskunft \u00fcber die Sie betreffenden Daten;<\/li>\n<li>uns aufzufordern, Fehler in Ihren personenbezogenen Daten zu berichtigen;<\/li>\n<li>uns aufzufordern, Sie betreffende personenbezogene Daten zu l\u00f6schen;<\/li>\n<li>der Verarbeitung Ihrer personenbezogenen Daten zu Direktmarketingzwecken zu widersprechen;<\/li>\n<li>der Verarbeitung Ihrer personenbezogenen Daten zu Direktmarketingzwecken zu widersprechen;<\/li>\n<li>uns aufzufordern, Ihnen Ihre personenbezogenen Daten in einem einfachen strukturierten Format zu \u00fcbermitteln; und<\/li>\n<li>sich in Verbindung mit der Verarbeitung Ihrer personenbezogenen Daten an die d\u00e4nische Datenschutzbeh\u00f6rde (<em>Datatilsynet<\/em>) zu wenden.<\/li>\n<\/ul>\n<h3><strong>Beschwerde<\/strong><\/h3>\n<p>Jede Person, deren Daten gespeichert sind, hat das Recht, sich in Verbindung mit der Verarbeitung ihrer personenbezogenen Daten an die d\u00e4nische Datenschutzbeh\u00f6rde zu wenden. Sie k\u00f6nnen wie folgt Kontakt mit der d\u00e4nischen Datenschutzbeh\u00f6rde aufnehmen.<\/p>\n<p>Address: Datatilsynet<\/p>\n<p>Borgergade 28, 5<\/p>\n<p>1300 Kopenhagen K<\/p>\n<p>D\u00e4nemark<\/p>\n<p>Telefon: +45 33 19 32 00<\/p>\n<p>E-mail:<a href=\"mailto:dt@tilsynet.dk\">dt@tilsynet.dk<\/a><\/p>\n<h3><strong>Sicherheit Ihrer personenbezogener Daten<\/strong><\/h3>\n<p>Wir nehmen die Sicherheit Ihrer personenbezogenen Daten sehr ernst. Wir haben diverse Strategien, Kontrollen, Richtlinien und Ma\u00dfnahmen eingerichtet, um die Sicherheit Ihrer Daten zu gew\u00e4hrleisten, und unterziehen diese Ma\u00dfnahmen fortw\u00e4hrend einer sorgf\u00e4ltigen Pr\u00fcfung. Wir sch\u00fctzen Ihre Daten mittels Verschl\u00fcsselungstechniken und verwenden Schutzma\u00dfnahmen wie Firewalls und Passwortschutz. Dies bedeutet, dass Ihre Daten gesch\u00fctzt werden und nur von Mitarbeitern eingesehen werden k\u00f6nnen, die im Rahmen der Erf\u00fcllung ihrer Arbeitsaufgaben Kenntnis davon ben\u00f6tigen.[\/vc_column_text][\/vc_column][\/vc_row]\n","protected":false},"excerpt":{"rendered":"<p>[vc_row type=&#8220;in_container&#8220; full_screen_row_position=&#8220;middle&#8220; column_margin=&#8220;default&#8220; column_direction=&#8220;default&#8220; column_direction_tablet=&#8220;default&#8220; column_direction_phone=&#8220;default&#8220; scene_position=&#8220;center&#8220; text_color=&#8220;dark&#8220; text_align=&#8220;left&#8220; row_border_radius=&#8220;none&#8220; row_border_radius_applies=&#8220;bg&#8220; overlay_strength=&#8220;0.3&#8243; gradient_direction=&#8220;left_to_right&#8220; shape_divider_position=&#8220;bottom&#8220; bg_image_animation=&#8220;none&#8220;][vc_column column_padding=&#8220;no-extra-padding&#8220; column_padding_tablet=&#8220;inherit&#8220; column_padding_phone=&#8220;inherit&#8220; column_padding_position=&#8220;all&#8220; background_color_opacity=&#8220;1&#8243; background_hover_color_opacity=&#8220;1&#8243; column_shadow=&#8220;none&#8220; column_border_radius=&#8220;none&#8220; column_link_target=&#8220;_self&#8220;&#8230;<\/p>\n","protected":false},"author":1,"featured_media":0,"parent":0,"menu_order":0,"comment_status":"closed","ping_status":"closed","template":"","meta":{"inline_featured_image":false,"footnotes":""},"class_list":["post-9377","page","type-page","status-publish"],"yoast_head":"<!-- This site is optimized with the Yoast SEO plugin v27.2 - https:\/\/yoast.com\/product\/yoast-seo-wordpress\/ -->\n<title>Cookie und Datenschutzbestimmungen - S\u00e6by Fiske-Industri<\/title>\n<meta name=\"robots\" content=\"index, follow, max-snippet:-1, max-image-preview:large, max-video-preview:-1\" \/>\n<link rel=\"canonical\" href=\"https:\/\/www.saeby.com\/de\/cookie-und-datenschutzbestimmungen\/\" \/>\n<meta property=\"og:locale\" content=\"de_DE\" \/>\n<meta property=\"og:type\" content=\"article\" \/>\n<meta property=\"og:title\" content=\"Cookie und Datenschutzbestimmungen - S\u00e6by Fiske-Industri\" \/>\n<meta property=\"og:description\" content=\"[vc_row type=&#8220;in_container&#8220; full_screen_row_position=&#8220;middle&#8220; column_margin=&#8220;default&#8220; column_direction=&#8220;default&#8220; column_direction_tablet=&#8220;default&#8220; column_direction_phone=&#8220;default&#8220; scene_position=&#8220;center&#8220; text_color=&#8220;dark&#8220; text_align=&#8220;left&#8220; row_border_radius=&#8220;none&#8220; row_border_radius_applies=&#8220;bg&#8220; overlay_strength=&#8220;0.3&#8243; gradient_direction=&#8220;left_to_right&#8220; shape_divider_position=&#8220;bottom&#8220; bg_image_animation=&#8220;none&#8220;][vc_column column_padding=&#8220;no-extra-padding&#8220; column_padding_tablet=&#8220;inherit&#8220; column_padding_phone=&#8220;inherit&#8220; column_padding_position=&#8220;all&#8220; background_color_opacity=&#8220;1&#8243; background_hover_color_opacity=&#8220;1&#8243; column_shadow=&#8220;none&#8220; column_border_radius=&#8220;none&#8220; column_link_target=&#8220;_self&#8220;...\" \/>\n<meta property=\"og:url\" content=\"https:\/\/www.saeby.com\/de\/cookie-und-datenschutzbestimmungen\/\" \/>\n<meta property=\"og:site_name\" content=\"S\u00e6by Fiske-Industri\" \/>\n<meta property=\"article:modified_time\" content=\"2021-06-09T09:04:02+00:00\" \/>\n<meta name=\"twitter:card\" content=\"summary_large_image\" \/>\n<meta name=\"twitter:label1\" content=\"Gesch\u00e4tzte Lesezeit\" \/>\n\t<meta name=\"twitter:data1\" content=\"7\u00a0Minuten\" \/>\n<script type=\"application\/ld+json\" class=\"yoast-schema-graph\">{\"@context\":\"https:\/\/schema.org\",\"@graph\":[{\"@type\":\"WebPage\",\"@id\":\"https:\/\/www.saeby.com\/de\/cookie-und-datenschutzbestimmungen\/\",\"url\":\"https:\/\/www.saeby.com\/de\/cookie-und-datenschutzbestimmungen\/\",\"name\":\"Cookie und Datenschutzbestimmungen - S\u00e6by Fiske-Industri\",\"isPartOf\":{\"@id\":\"https:\/\/www.saeby.com\/de\/#website\"},\"datePublished\":\"2021-04-26T07:57:12+00:00\",\"dateModified\":\"2021-06-09T09:04:02+00:00\",\"breadcrumb\":{\"@id\":\"https:\/\/www.saeby.com\/de\/cookie-und-datenschutzbestimmungen\/#breadcrumb\"},\"inLanguage\":\"de\",\"potentialAction\":[{\"@type\":\"ReadAction\",\"target\":[\"https:\/\/www.saeby.com\/de\/cookie-und-datenschutzbestimmungen\/\"]}]},{\"@type\":\"BreadcrumbList\",\"@id\":\"https:\/\/www.saeby.com\/de\/cookie-und-datenschutzbestimmungen\/#breadcrumb\",\"itemListElement\":[{\"@type\":\"ListItem\",\"position\":1,\"name\":\"Hjem\",\"item\":\"https:\/\/www.saeby.com\/de\/\"},{\"@type\":\"ListItem\",\"position\":2,\"name\":\"Cookie und Datenschutzbestimmungen\"}]},{\"@type\":\"WebSite\",\"@id\":\"https:\/\/www.saeby.com\/de\/#website\",\"url\":\"https:\/\/www.saeby.com\/de\/\",\"name\":\"S\u00e6by Fiske-Industri\",\"description\":\"\",\"publisher\":{\"@id\":\"https:\/\/www.saeby.com\/de\/#organization\"},\"potentialAction\":[{\"@type\":\"SearchAction\",\"target\":{\"@type\":\"EntryPoint\",\"urlTemplate\":\"https:\/\/www.saeby.com\/de\/?s={search_term_string}\"},\"query-input\":{\"@type\":\"PropertyValueSpecification\",\"valueRequired\":true,\"valueName\":\"search_term_string\"}}],\"inLanguage\":\"de\"},{\"@type\":\"Organization\",\"@id\":\"https:\/\/www.saeby.com\/de\/#organization\",\"name\":\"S\u00e6by Fiske-Industri\",\"url\":\"https:\/\/www.saeby.com\/de\/\",\"logo\":{\"@type\":\"ImageObject\",\"inLanguage\":\"de\",\"@id\":\"https:\/\/www.saeby.com\/de\/#\/schema\/logo\/image\/\",\"url\":\"https:\/\/www.saeby.com\/wp-content\/uploads\/2020\/09\/saeby-logo-x2.png\",\"contentUrl\":\"https:\/\/www.saeby.com\/wp-content\/uploads\/2020\/09\/saeby-logo-x2.png\",\"width\":203,\"height\":111,\"caption\":\"S\u00e6by Fiske-Industri\"},\"image\":{\"@id\":\"https:\/\/www.saeby.com\/de\/#\/schema\/logo\/image\/\"}}]}<\/script>\n<!-- \/ Yoast SEO plugin. -->","yoast_head_json":{"title":"Cookie und Datenschutzbestimmungen - S\u00e6by Fiske-Industri","robots":{"index":"index","follow":"follow","max-snippet":"max-snippet:-1","max-image-preview":"max-image-preview:large","max-video-preview":"max-video-preview:-1"},"canonical":"https:\/\/www.saeby.com\/de\/cookie-und-datenschutzbestimmungen\/","og_locale":"de_DE","og_type":"article","og_title":"Cookie und Datenschutzbestimmungen - S\u00e6by Fiske-Industri","og_description":"[vc_row type=&#8220;in_container&#8220; full_screen_row_position=&#8220;middle&#8220; column_margin=&#8220;default&#8220; column_direction=&#8220;default&#8220; column_direction_tablet=&#8220;default&#8220; column_direction_phone=&#8220;default&#8220; scene_position=&#8220;center&#8220; text_color=&#8220;dark&#8220; text_align=&#8220;left&#8220; row_border_radius=&#8220;none&#8220; row_border_radius_applies=&#8220;bg&#8220; overlay_strength=&#8220;0.3&#8243; gradient_direction=&#8220;left_to_right&#8220; shape_divider_position=&#8220;bottom&#8220; bg_image_animation=&#8220;none&#8220;][vc_column column_padding=&#8220;no-extra-padding&#8220; column_padding_tablet=&#8220;inherit&#8220; column_padding_phone=&#8220;inherit&#8220; column_padding_position=&#8220;all&#8220; background_color_opacity=&#8220;1&#8243; background_hover_color_opacity=&#8220;1&#8243; column_shadow=&#8220;none&#8220; column_border_radius=&#8220;none&#8220; column_link_target=&#8220;_self&#8220;...","og_url":"https:\/\/www.saeby.com\/de\/cookie-und-datenschutzbestimmungen\/","og_site_name":"S\u00e6by Fiske-Industri","article_modified_time":"2021-06-09T09:04:02+00:00","twitter_card":"summary_large_image","twitter_misc":{"Gesch\u00e4tzte Lesezeit":"7\u00a0Minuten"},"schema":{"@context":"https:\/\/schema.org","@graph":[{"@type":"WebPage","@id":"https:\/\/www.saeby.com\/de\/cookie-und-datenschutzbestimmungen\/","url":"https:\/\/www.saeby.com\/de\/cookie-und-datenschutzbestimmungen\/","name":"Cookie und Datenschutzbestimmungen - S\u00e6by Fiske-Industri","isPartOf":{"@id":"https:\/\/www.saeby.com\/de\/#website"},"datePublished":"2021-04-26T07:57:12+00:00","dateModified":"2021-06-09T09:04:02+00:00","breadcrumb":{"@id":"https:\/\/www.saeby.com\/de\/cookie-und-datenschutzbestimmungen\/#breadcrumb"},"inLanguage":"de","potentialAction":[{"@type":"ReadAction","target":["https:\/\/www.saeby.com\/de\/cookie-und-datenschutzbestimmungen\/"]}]},{"@type":"BreadcrumbList","@id":"https:\/\/www.saeby.com\/de\/cookie-und-datenschutzbestimmungen\/#breadcrumb","itemListElement":[{"@type":"ListItem","position":1,"name":"Hjem","item":"https:\/\/www.saeby.com\/de\/"},{"@type":"ListItem","position":2,"name":"Cookie und Datenschutzbestimmungen"}]},{"@type":"WebSite","@id":"https:\/\/www.saeby.com\/de\/#website","url":"https:\/\/www.saeby.com\/de\/","name":"S\u00e6by Fiske-Industri","description":"","publisher":{"@id":"https:\/\/www.saeby.com\/de\/#organization"},"potentialAction":[{"@type":"SearchAction","target":{"@type":"EntryPoint","urlTemplate":"https:\/\/www.saeby.com\/de\/?s={search_term_string}"},"query-input":{"@type":"PropertyValueSpecification","valueRequired":true,"valueName":"search_term_string"}}],"inLanguage":"de"},{"@type":"Organization","@id":"https:\/\/www.saeby.com\/de\/#organization","name":"S\u00e6by Fiske-Industri","url":"https:\/\/www.saeby.com\/de\/","logo":{"@type":"ImageObject","inLanguage":"de","@id":"https:\/\/www.saeby.com\/de\/#\/schema\/logo\/image\/","url":"https:\/\/www.saeby.com\/wp-content\/uploads\/2020\/09\/saeby-logo-x2.png","contentUrl":"https:\/\/www.saeby.com\/wp-content\/uploads\/2020\/09\/saeby-logo-x2.png","width":203,"height":111,"caption":"S\u00e6by Fiske-Industri"},"image":{"@id":"https:\/\/www.saeby.com\/de\/#\/schema\/logo\/image\/"}}]}},"_links":{"self":[{"href":"https:\/\/www.saeby.com\/de\/wp-json\/wp\/v2\/pages\/9377","targetHints":{"allow":["GET"]}}],"collection":[{"href":"https:\/\/www.saeby.com\/de\/wp-json\/wp\/v2\/pages"}],"about":[{"href":"https:\/\/www.saeby.com\/de\/wp-json\/wp\/v2\/types\/page"}],"author":[{"embeddable":true,"href":"https:\/\/www.saeby.com\/de\/wp-json\/wp\/v2\/users\/1"}],"replies":[{"embeddable":true,"href":"https:\/\/www.saeby.com\/de\/wp-json\/wp\/v2\/comments?post=9377"}],"version-history":[{"count":0,"href":"https:\/\/www.saeby.com\/de\/wp-json\/wp\/v2\/pages\/9377\/revisions"}],"wp:attachment":[{"href":"https:\/\/www.saeby.com\/de\/wp-json\/wp\/v2\/media?parent=9377"}],"curies":[{"name":"wp","href":"https:\/\/api.w.org\/{rel}","templated":true}]}}